{"id":11,"date":"2022-03-03T00:33:05","date_gmt":"2022-03-02T21:33:05","guid":{"rendered":"https:\/\/www.metpamuhendislik.com\/tr_TR\/?page_id=11"},"modified":"2022-03-08T08:42:37","modified_gmt":"2022-03-08T05:42:37","slug":"hakkimizda","status":"publish","type":"page","link":"https:\/\/www.metpamuhendislik.com\/tr_TR\/hakkimizda","title":{"rendered":"Hakk\u0131m\u0131zda"},"content":{"rendered":"\n<p>Metpa M\u00fchendislik 30 y\u0131l\u0131 a\u015fk\u0131n s\u00fcredir, deneyimli, gen\u00e7 ve dinamik kadrosuyla madeni ya\u011f \u00fcretimi yapmaktad\u0131r. Yurt i\u00e7i ve yurt d\u0131\u015f\u0131ndan gelen t\u00fcm taleplere h\u0131zl\u0131 ve ekonomik \u00e7\u00f6z\u00fcmler sunma gayesiyle \u00e7al\u0131\u015fmalar\u0131na devam etmekte, triboloji ve kimya alanlar\u0131nda geli\u015fen teknoloji ve bilimsel \u00e7al\u0131\u015fmalar\u0131 s\u00fcrekli yak\u0131ndan takip etmektedir. S\u00fcrekli kendini geli\u015ftiren bir firma olup, kaliteli \u00fcretim anlay\u0131\u015f\u0131 ile birlikte m\u00fc\u015fteri memnuniyeti odakl\u0131 olmay\u0131 en \u00f6nemli ilkelerinden biri olarak g\u00f6rmektedir.<\/p>\n\n\n\n<p>End\u00fcstriyel alanda faaliyet g\u00f6steren m\u00fc\u015fterilerine, arac\u0131 kurum kullanmaks\u0131z\u0131n sat\u0131\u015f m\u00fchendisleri ile ula\u015fma gayesiyle, Petroluber tescilli markas\u0131 ad\u0131 alt\u0131nda; benzinli motor ya\u011flar\u0131, motosiklet ya\u011flar\u0131, dizel motor ya\u011flar\u0131, \u015fanz\u0131man &amp; diferansiyel ya\u011flar\u0131, tar\u0131m ya\u011flar\u0131, deniz ya\u011flar\u0131, otomotiv end\u00fcstriyel \u00fcr\u00fcnleri, end\u00fcstriyel ya\u011flar ve gresler alanlar\u0131nda \u00fcst\u00fcn \u00fcretim kabiliyeti ile profesyonel \u00e7\u00f6z\u00fcmler sunmaktad\u0131r.<\/p>\n\n\n\n<p>Metpa M\u00fchendislik, t\u00fcm sekt\u00f6rlerin madeni ya\u011f ihtiya\u00e7lar\u0131na h\u0131zl\u0131ca cevap verebilecek donan\u0131m ve kapasiteye sahiptir. \u00dcr\u00fcnlerinde, kalitesinden \u00f6d\u00fcn vermeden m\u00fc\u015fteri memnuniyetini \u00f6n planda tutmakta, toplum ve \u00e7evreye pozitif katl\u0131 sa\u011flamaktad\u0131r. Madeni ya\u011f end\u00fcstrisinde yeni teknolojileri kullanarak tercih edilen ve rekabet\u00e7i bir firma olmay\u0131 hedeflemektedir.<\/p>\n\n\n\n<p>Verimlilik ve kaliteyi, \u00f6n plana \u00e7\u0131kar\u0131p, standartlar\u0131 belirleyen \u00f6rnek bir firma olmay\u0131 vizyon edinmi\u015f olan Metpa M\u00fchendislik, \u00fcretimlerinde ileri m\u00fchendislik ve \u00fcretim teknolojilerini kullanmaktad\u0131r. H\u0131zla b\u00fcy\u00fcyen ve geli\u015fen sekt\u00f6r\u00fcn i\u00e7erisinde mutlak yerini muhafaza etmenin yan\u0131 s\u0131ra, her ge\u00e7en g\u00fcn yeni \u00f6\u011fretiler edinerek en iyiyi sunmay\u0131 ama\u00e7lamaktad\u0131r.<\/p>\n","protected":false},"excerpt":{"rendered":"<p>Metpa M\u00fchendislik 30 y\u0131l\u0131 a\u015fk\u0131n s\u00fcredir, deneyimli, gen\u00e7 ve dinamik kadrosuyla madeni ya\u011f \u00fcretimi yapmaktad\u0131r. Yurt i\u00e7i ve yurt d\u0131\u015f\u0131ndan gelen t\u00fcm taleplere h\u0131zl\u0131 ve ekonomik \u00e7\u00f6z\u00fcmler sunma gayesiyle \u00e7al\u0131\u015fmalar\u0131na devam etmekte, triboloji ve kimya alanlar\u0131nda geli\u015fen teknoloji ve bilimsel \u00e7al\u0131\u015fmalar\u0131 s\u00fcrekli yak\u0131ndan takip etmektedir. S\u00fcrekli kendini geli\u015ftiren bir firma olup, kaliteli \u00fcretim anlay\u0131\u015f\u0131 ile [&hellip;]<\/p>\n","protected":false},"author":1,"featured_media":0,"parent":0,"menu_order":0,"comment_status":"closed","ping_status":"closed","template":"pages\/page-full.php","meta":[],"_links":{"self":[{"href":"https:\/\/www.metpamuhendislik.com\/tr_TR\/wp-json\/wp\/v2\/pages\/11"}],"collection":[{"href":"https:\/\/www.metpamuhendislik.com\/tr_TR\/wp-json\/wp\/v2\/pages"}],"about":[{"href":"https:\/\/www.metpamuhendislik.com\/tr_TR\/wp-json\/wp\/v2\/types\/page"}],"author":[{"embeddable":true,"href":"https:\/\/www.metpamuhendislik.com\/tr_TR\/wp-json\/wp\/v2\/users\/1"}],"replies":[{"embeddable":true,"href":"https:\/\/www.metpamuhendislik.com\/tr_TR\/wp-json\/wp\/v2\/comments?post=11"}],"version-history":[{"count":3,"href":"https:\/\/www.metpamuhendislik.com\/tr_TR\/wp-json\/wp\/v2\/pages\/11\/revisions"}],"predecessor-version":[{"id":37,"href":"https:\/\/www.metpamuhendislik.com\/tr_TR\/wp-json\/wp\/v2\/pages\/11\/revisions\/37"}],"wp:attachment":[{"href":"https:\/\/www.metpamuhendislik.com\/tr_TR\/wp-json\/wp\/v2\/media?parent=11"}],"curies":[{"name":"wp","href":"https:\/\/api.w.org\/{rel}","templated":true}]}}